{"id":487,"date":"2023-02-06T01:29:17","date_gmt":"2023-02-06T01:29:17","guid":{"rendered":"https:\/\/smartsoap.tempurl.host\/?page_id=487"},"modified":"2024-12-11T07:05:27","modified_gmt":"2024-12-11T07:05:27","slug":"kontakti","status":"publish","type":"page","link":"https:\/\/smartersoap.lt\/lv\/kontakti\/","title":{"rendered":"Kontakti"},"content":{"rendered":"<style>.kb-row-layout-wrap.wp-block-kadence-rowlayout.kb-row-layout-id487_8036b2-ef{margin-top:-50px;}.kb-row-layout-id487_8036b2-ef > .kt-row-column-wrap{align-content:start;}:where(.kb-row-layout-id487_8036b2-ef > .kt-row-column-wrap) > .wp-block-kadence-column{justify-content:start;}.kb-row-layout-id487_8036b2-ef > .kt-row-column-wrap{column-gap:var(--global-kb-gap-md, 2rem);row-gap:var(--global-kb-gap-md, 2rem);padding-bottom:var(--global-kb-spacing-sm, 1.5rem);grid-template-columns:minmax(0, 1fr);}.kb-row-layout-id487_8036b2-ef > .kt-row-layout-overlay{opacity:0.30;}@media all and (max-width: 1024px){.kb-row-layout-id487_8036b2-ef > .kt-row-column-wrap{grid-template-columns:minmax(0, 1fr);}}@media all and (max-width: 767px){.kb-row-layout-wrap.wp-block-kadence-rowlayout.kb-row-layout-id487_8036b2-ef{margin-top:-40px;}.kb-row-layout-id487_8036b2-ef > .kt-row-column-wrap{padding-top:0px;padding-bottom:0px;grid-template-columns:minmax(0, 1fr);}}<\/style><div class=\"kb-row-layout-wrap kb-row-layout-id487_8036b2-ef alignnone wp-block-kadence-rowlayout\"><div class=\"kt-row-column-wrap kt-has-1-columns kt-row-layout-equal kt-tab-layout-inherit kt-mobile-layout-row kt-row-valign-top\">\n<style>.kadence-column487_8ce849-bb > .kt-inside-inner-col,.kadence-column487_8ce849-bb > .kt-inside-inner-col:before{border-top-left-radius:0px;border-top-right-radius:0px;border-bottom-right-radius:0px;border-bottom-left-radius:0px;}.kadence-column487_8ce849-bb > .kt-inside-inner-col{column-gap:var(--global-kb-gap-sm, 1rem);}.kadence-column487_8ce849-bb > .kt-inside-inner-col{flex-direction:column;}.kadence-column487_8ce849-bb > .kt-inside-inner-col > .aligncenter{width:100%;}.kadence-column487_8ce849-bb > .kt-inside-inner-col:before{opacity:0.3;}.kadence-column487_8ce849-bb{position:relative;}@media all and (max-width: 1024px){.kadence-column487_8ce849-bb > .kt-inside-inner-col{flex-direction:column;justify-content:center;}}@media all and (max-width: 767px){.kadence-column487_8ce849-bb > .kt-inside-inner-col{flex-direction:column;justify-content:center;}}<\/style>\n<div class=\"wp-block-kadence-column kadence-column487_8ce849-bb\"><div class=\"kt-inside-inner-col\"><\/div><\/div>\n\n<\/div><\/div>\n\n<style>.wp-block-kadence-advancedheading.kt-adv-heading487_384eda-fa, .wp-block-kadence-advancedheading.kt-adv-heading487_384eda-fa[data-kb-block=\"kb-adv-heading487_384eda-fa\"]{padding-top:0px;padding-bottom:0px;margin-top:0px;text-align:left;font-size:var(--global-kb-font-size-xxl, 4rem);font-style:normal;color:var(--global-palette3, #1A202C);}.wp-block-kadence-advancedheading.kt-adv-heading487_384eda-fa mark.kt-highlight, .wp-block-kadence-advancedheading.kt-adv-heading487_384eda-fa[data-kb-block=\"kb-adv-heading487_384eda-fa\"] mark.kt-highlight{font-style:normal;color:#f76a0c;-webkit-box-decoration-break:clone;box-decoration-break:clone;padding-top:0px;padding-right:0px;padding-bottom:0px;padding-left:0px;}.wp-block-kadence-advancedheading.kt-adv-heading487_384eda-fa img.kb-inline-image, .wp-block-kadence-advancedheading.kt-adv-heading487_384eda-fa[data-kb-block=\"kb-adv-heading487_384eda-fa\"] img.kb-inline-image{width:150px;vertical-align:baseline;}@media all and (max-width: 767px){.wp-block-kadence-advancedheading.kt-adv-heading487_384eda-fa, .wp-block-kadence-advancedheading.kt-adv-heading487_384eda-fa[data-kb-block=\"kb-adv-heading487_384eda-fa\"]{padding-bottom:0px;text-align:left!important;}}<\/style>\n<h1 class=\"kt-adv-heading487_384eda-fa wp-block-kadence-advancedheading has-theme-palette-3-color has-text-color\" data-kb-block=\"kb-adv-heading487_384eda-fa\"><strong>Kontakti<\/strong><\/h1>\n\n\n<style>.kb-row-layout-id487_902a71-55 > .kt-row-column-wrap{align-content:start;}:where(.kb-row-layout-id487_902a71-55 > .kt-row-column-wrap) > .wp-block-kadence-column{justify-content:start;}.kb-row-layout-id487_902a71-55 > .kt-row-column-wrap{column-gap:var(--global-kb-gap-md, 2rem);row-gap:var(--global-kb-gap-none, 0rem );max-width:1440px;padding-top:var(--global-kb-spacing-md, 2rem);padding-right:0px;padding-bottom:var(--global-kb-spacing-md, 2rem);padding-left:0px;grid-template-columns:minmax(0, calc(35% - ((var(--global-kb-gap-md, 2rem) * 1 )\/2)))minmax(0, calc(65% - ((var(--global-kb-gap-md, 2rem) * 1 )\/2)));}.kb-row-layout-id487_902a71-55 > .kt-row-layout-overlay{opacity:0.30;}@media all and (max-width: 1024px){.kb-row-layout-id487_902a71-55 > .kt-row-column-wrap{padding-right:var(--global-kb-spacing-sm, 1.5rem);padding-left:var(--global-kb-spacing-sm, 1.5rem);grid-template-columns:minmax(0, 1fr);}}@media all and (max-width: 767px){.kb-row-layout-id487_902a71-55 > .kt-row-column-wrap{grid-template-columns:minmax(0, 1fr);}}<\/style><div class=\"kb-row-layout-wrap kb-row-layout-id487_902a71-55 alignfull wp-block-kadence-rowlayout\"><div class=\"kt-row-column-wrap kt-has-2-columns kt-row-layout-equal kt-tab-layout-row kt-mobile-layout-row kt-row-valign-top kb-theme-content-width\">\n<style>.kadence-column487_383b67-3d > .kt-inside-inner-col{display:flex;}.kadence-column487_383b67-3d > .kt-inside-inner-col,.kadence-column487_383b67-3d > .kt-inside-inner-col:before{border-top-left-radius:0px;border-top-right-radius:0px;border-bottom-right-radius:0px;border-bottom-left-radius:0px;}.kadence-column487_383b67-3d > .kt-inside-inner-col{column-gap:var(--global-kb-gap-sm, 1rem);}.kadence-column487_383b67-3d > .kt-inside-inner-col{flex-direction:column;align-items:flex-start;}.kadence-column487_383b67-3d > .kt-inside-inner-col > .kb-image-is-ratio-size{align-self:stretch;}.kadence-column487_383b67-3d > .kt-inside-inner-col > .wp-block-kadence-advancedgallery{align-self:stretch;}.kadence-column487_383b67-3d > .kt-inside-inner-col > .aligncenter{width:100%;}.kadence-column487_383b67-3d > .kt-inside-inner-col:before{opacity:0.3;}.kadence-column487_383b67-3d{position:relative;}@media all and (max-width: 1024px){.kadence-column487_383b67-3d > .kt-inside-inner-col{flex-direction:column;justify-content:center;align-items:flex-start;}}@media all and (max-width: 767px){.kadence-column487_383b67-3d > .kt-inside-inner-col{flex-direction:column;justify-content:center;align-items:flex-start;}}<\/style>\n<div class=\"wp-block-kadence-column kadence-column487_383b67-3d\"><div class=\"kt-inside-inner-col\"><style>.wp-block-kadence-advancedheading.kt-adv-heading487_c2955e-48, .wp-block-kadence-advancedheading.kt-adv-heading487_c2955e-48[data-kb-block=\"kb-adv-heading487_c2955e-48\"]{font-style:normal;}.wp-block-kadence-advancedheading.kt-adv-heading487_c2955e-48 mark.kt-highlight, .wp-block-kadence-advancedheading.kt-adv-heading487_c2955e-48[data-kb-block=\"kb-adv-heading487_c2955e-48\"] mark.kt-highlight{font-style:normal;color:#f76a0c;-webkit-box-decoration-break:clone;box-decoration-break:clone;padding-top:0px;padding-right:0px;padding-bottom:0px;padding-left:0px;}.wp-block-kadence-advancedheading.kt-adv-heading487_c2955e-48 img.kb-inline-image, .wp-block-kadence-advancedheading.kt-adv-heading487_c2955e-48[data-kb-block=\"kb-adv-heading487_c2955e-48\"] img.kb-inline-image{width:150px;vertical-align:baseline;}<\/style>\n<h3 class=\"kt-adv-heading487_c2955e-48 wp-block-kadence-advancedheading\" data-kb-block=\"kb-adv-heading487_c2955e-48\"><strong>Rekviz\u012bti<\/strong><\/h3>\n\n\n<style>.wp-block-kadence-advancedheading.kt-adv-heading487_7c1698-a6, .wp-block-kadence-advancedheading.kt-adv-heading487_7c1698-a6[data-kb-block=\"kb-adv-heading487_7c1698-a6\"]{font-style:normal;}.wp-block-kadence-advancedheading.kt-adv-heading487_7c1698-a6 mark.kt-highlight, .wp-block-kadence-advancedheading.kt-adv-heading487_7c1698-a6[data-kb-block=\"kb-adv-heading487_7c1698-a6\"] mark.kt-highlight{font-style:normal;color:#f76a0c;-webkit-box-decoration-break:clone;box-decoration-break:clone;padding-top:0px;padding-right:0px;padding-bottom:0px;padding-left:0px;}.wp-block-kadence-advancedheading.kt-adv-heading487_7c1698-a6 img.kb-inline-image, .wp-block-kadence-advancedheading.kt-adv-heading487_7c1698-a6[data-kb-block=\"kb-adv-heading487_7c1698-a6\"] img.kb-inline-image{width:150px;vertical-align:baseline;}<\/style>\n<p class=\"kt-adv-heading487_7c1698-a6 wp-block-kadence-advancedheading\" data-kb-block=\"kb-adv-heading487_7c1698-a6\">UAB Tectio<\/p>\n\n\n<style>.wp-block-kadence-advancedheading.kt-adv-heading487_59a5d3-09, .wp-block-kadence-advancedheading.kt-adv-heading487_59a5d3-09[data-kb-block=\"kb-adv-heading487_59a5d3-09\"]{font-style:normal;}.wp-block-kadence-advancedheading.kt-adv-heading487_59a5d3-09 mark.kt-highlight, .wp-block-kadence-advancedheading.kt-adv-heading487_59a5d3-09[data-kb-block=\"kb-adv-heading487_59a5d3-09\"] mark.kt-highlight{font-style:normal;color:#f76a0c;-webkit-box-decoration-break:clone;box-decoration-break:clone;padding-top:0px;padding-right:0px;padding-bottom:0px;padding-left:0px;}.wp-block-kadence-advancedheading.kt-adv-heading487_59a5d3-09 img.kb-inline-image, .wp-block-kadence-advancedheading.kt-adv-heading487_59a5d3-09[data-kb-block=\"kb-adv-heading487_59a5d3-09\"] img.kb-inline-image{width:150px;vertical-align:baseline;}<\/style>\n<p class=\"kt-adv-heading487_59a5d3-09 wp-block-kadence-advancedheading\" data-kb-block=\"kb-adv-heading487_59a5d3-09\">Kauna, Lietuva<br>Uz\u0146\u0113muma kods: 305850450<br>PVN kods: LT100015325015<\/p>\n\n\n<style>.wp-block-kadence-iconlist.kt-svg-icon-list-items487_d8d6af-f4:not(.this-stops-third-party-issues){margin-top:0px;margin-bottom:0px;}.wp-block-kadence-iconlist.kt-svg-icon-list-items487_d8d6af-f4 ul.kt-svg-icon-list:not(.this-prevents-issues):not(.this-stops-third-party-issues):not(.tijsloc){margin-top:0px;margin-right:0px;margin-bottom:var(--global-kb-spacing-sm, 1.5rem);margin-left:0px;}.wp-block-kadence-iconlist.kt-svg-icon-list-items487_d8d6af-f4 ul.kt-svg-icon-list{grid-row-gap:5px;}.wp-block-kadence-iconlist.kt-svg-icon-list-items487_d8d6af-f4 ul.kt-svg-icon-list .kt-svg-icon-list-item-wrap .kt-svg-icon-list-single{margin-right:10px;}.kt-svg-icon-list-items487_d8d6af-f4 ul.kt-svg-icon-list .kt-svg-icon-list-level-0 .kt-svg-icon-list-single svg{font-size:20px;}<\/style>\n<div class=\"wp-block-kadence-iconlist kt-svg-icon-list-items kt-svg-icon-list-items487_d8d6af-f4 kt-svg-icon-list-columns-1 alignnone\"><ul class=\"kt-svg-icon-list\"><style>.kt-svg-icon-list-item-487_8da43d-63 .kt-svg-icon-list-text mark.kt-highlight{background-color:unset;font-style:normal;color:#f76a0c;-webkit-box-decoration-break:clone;box-decoration-break:clone;padding-top:0px;padding-right:0px;padding-bottom:0px;padding-left:0px;}<\/style>\n<li class=\"wp-block-kadence-listitem kt-svg-icon-list-item-wrap kt-svg-icon-list-item-487_8da43d-63\"><a href=\"mailto:info@smartersoap.com\" class=\"kt-svg-icon-link\"><span class=\"kb-svg-icon-wrap kb-svg-icon-fe_mail kt-svg-icon-list-single\"><svg viewbox=\"0 0 24 24\"  fill=\"none\" stroke=\"currentColor\" stroke-width=\"2\" stroke-linecap=\"round\" stroke-linejoin=\"round\" xmlns=\"http:\/\/www.w3.org\/2000\/svg\"  aria-hidden=\"true\"><path d=\"M4 4h16c1.1 0 2 .9 2 2v12c0 1.1-.9 2-2 2H4c-1.1 0-2-.9-2-2V6c0-1.1.9-2 2-2z\"\/><polyline points=\"22,6 12,13 2,6\"\/><\/svg><\/span><span class=\"kt-svg-icon-list-text\">info@smartersoap.com<\/span><\/a><\/li>\n<\/ul><\/div>\n<\/div><\/div>\n\n\n<style>.kadence-column487_82b217-cb > .kt-inside-inner-col{display:flex;}.kadence-column487_82b217-cb > .kt-inside-inner-col{padding-right:var(--global-kb-spacing-5xl, 10rem);padding-left:var(--global-kb-spacing-xxl, 5rem);}.kadence-column487_82b217-cb > .kt-inside-inner-col{border-left:1px solid var(--theme-palette-color-3, #3A4F66);}.kadence-column487_82b217-cb > .kt-inside-inner-col,.kadence-column487_82b217-cb > .kt-inside-inner-col:before{border-top-left-radius:0px;border-top-right-radius:0px;border-bottom-right-radius:0px;border-bottom-left-radius:0px;}.kadence-column487_82b217-cb > .kt-inside-inner-col{column-gap:var(--global-kb-gap-sm, 1rem);}.kadence-column487_82b217-cb > .kt-inside-inner-col{flex-direction:column;justify-content:center;}.kadence-column487_82b217-cb > .kt-inside-inner-col > .aligncenter{width:100%;}.kt-row-column-wrap > .kadence-column487_82b217-cb{align-self:center;}.kt-inner-column-height-full:not(.kt-has-1-columns) > .wp-block-kadence-column.kadence-column487_82b217-cb{align-self:auto;}.kt-inner-column-height-full:not(.kt-has-1-columns) > .wp-block-kadence-column.kadence-column487_82b217-cb > .kt-inside-inner-col{flex-direction:column;justify-content:center;}.kadence-column487_82b217-cb > .kt-inside-inner-col:before{opacity:0.3;}.kadence-column487_82b217-cb{position:relative;}@media all and (max-width: 1024px){.kadence-column487_82b217-cb > .kt-inside-inner-col{padding-right:var(--global-kb-spacing-xl, 4rem);padding-left:0px;border-top:0px solid var(--theme-palette-color-3, #3A4F66);border-right:0px solid var(--theme-palette-color-3, #3A4F66);border-bottom:0px solid var(--theme-palette-color-3, #3A4F66);border-left:0px solid var(--theme-palette-color-3, #3A4F66);flex-direction:column;justify-content:center;}}@media all and (max-width: 1024px){.kt-row-column-wrap > .kadence-column487_82b217-cb{align-self:center;}}@media all and (max-width: 1024px){.kt-inner-column-height-full:not(.kt-has-1-columns) > .wp-block-kadence-column.kadence-column487_82b217-cb{align-self:auto;}}@media all and (max-width: 1024px){.kt-inner-column-height-full:not(.kt-has-1-columns) > .wp-block-kadence-column.kadence-column487_82b217-cb > .kt-inside-inner-col{flex-direction:column;justify-content:center;}}@media all and (max-width: 1024px){.kadence-column487_82b217-cb, .kt-inside-inner-col > .kadence-column487_82b217-cb:not(.specificity){margin-bottom:-8px;}}@media all and (max-width: 767px){.kadence-column487_82b217-cb > .kt-inside-inner-col{padding-top:var(--global-kb-spacing-md, 2rem);padding-right:0px;border-top:0px solid rgba(0,0,0,0);border-right:0px solid rgba(0,0,0,0);border-bottom:0px solid rgba(0,0,0,0);border-left:0px solid rgba(0,0,0,0);flex-direction:column;justify-content:center;}.kt-row-column-wrap > .kadence-column487_82b217-cb{align-self:center;}.kt-inner-column-height-full:not(.kt-has-1-columns) > .wp-block-kadence-column.kadence-column487_82b217-cb{align-self:auto;}.kt-inner-column-height-full:not(.kt-has-1-columns) > .wp-block-kadence-column.kadence-column487_82b217-cb > .kt-inside-inner-col{flex-direction:column;justify-content:center;}}<\/style>\n<div class=\"wp-block-kadence-column kadence-column487_82b217-cb\"><div class=\"kt-inside-inner-col\"><style>.wp-block-kadence-advancedheading.kt-adv-heading487_b755cc-cb, .wp-block-kadence-advancedheading.kt-adv-heading487_b755cc-cb[data-kb-block=\"kb-adv-heading487_b755cc-cb\"]{font-style:normal;}.wp-block-kadence-advancedheading.kt-adv-heading487_b755cc-cb mark.kt-highlight, .wp-block-kadence-advancedheading.kt-adv-heading487_b755cc-cb[data-kb-block=\"kb-adv-heading487_b755cc-cb\"] mark.kt-highlight{font-style:normal;color:#f76a0c;-webkit-box-decoration-break:clone;box-decoration-break:clone;padding-top:0px;padding-right:0px;padding-bottom:0px;padding-left:0px;}.wp-block-kadence-advancedheading.kt-adv-heading487_b755cc-cb img.kb-inline-image, .wp-block-kadence-advancedheading.kt-adv-heading487_b755cc-cb[data-kb-block=\"kb-adv-heading487_b755cc-cb\"] img.kb-inline-image{width:150px;vertical-align:baseline;}<\/style>\n<h3 class=\"kt-adv-heading487_b755cc-cb wp-block-kadence-advancedheading\" data-kb-block=\"kb-adv-heading487_b755cc-cb\"><strong>Piepras\u012bjuma forma<\/strong><\/h3>\n\n\n<style>.wp-block-kadence-advancedheading.kt-adv-heading487_3e26c1-ba, .wp-block-kadence-advancedheading.kt-adv-heading487_3e26c1-ba[data-kb-block=\"kb-adv-heading487_3e26c1-ba\"]{max-width:1111px;text-align:left;font-size:var(--global-kb-font-size-md, 1.25rem);font-style:normal;}.wp-block-kadence-advancedheading.kt-adv-heading487_3e26c1-ba mark.kt-highlight, .wp-block-kadence-advancedheading.kt-adv-heading487_3e26c1-ba[data-kb-block=\"kb-adv-heading487_3e26c1-ba\"] mark.kt-highlight{font-style:normal;color:#f76a0c;-webkit-box-decoration-break:clone;box-decoration-break:clone;padding-top:0px;padding-right:0px;padding-bottom:0px;padding-left:0px;}.wp-block-kadence-advancedheading.kt-adv-heading487_3e26c1-ba img.kb-inline-image, .wp-block-kadence-advancedheading.kt-adv-heading487_3e26c1-ba[data-kb-block=\"kb-adv-heading487_3e26c1-ba\"] img.kb-inline-image{width:150px;vertical-align:baseline;}@media all and (max-width: 767px){.wp-block-kadence-advancedheading.kt-adv-heading487_3e26c1-ba, .wp-block-kadence-advancedheading.kt-adv-heading487_3e26c1-ba[data-kb-block=\"kb-adv-heading487_3e26c1-ba\"]{border-top:0px solid transparent;border-right:0px solid transparent;border-bottom:0px solid transparent;border-left:0px solid transparent;}}<\/style>\n<p class=\"kt-adv-heading487_3e26c1-ba wp-block-kadence-advancedheading\" data-kb-block=\"kb-adv-heading487_3e26c1-ba\">Ir jaut\u0101jumi? Nepiecie\u0161ama pal\u012bdz\u012bba? Aizpildiet formu, un m\u0113s ar Jums sazin\u0101simies!<\/p>\n\n\n<div class='fluentform ff-inherit-theme-style fluentform_wrapper_3  ff_guten_block ff_guten_block-3'><form data-form_id=\"3\" id=\"fluentform_3\" class=\"frm-fluent-form fluent_form_3 ff-el-form-top ff_form_instance_3_1 ff-form-loading ff_has_v3_recptcha ffs_inherit_theme\" data-form_instance=\"ff_form_instance_3_1\" method=\"POST\" data-recptcha_key=\"6LflLvQqAAAAAGRHTowyVOI8Je7DZUWc971gDi9s\" action=\"\" ><fieldset  style=\"border: none!important;margin: 0!important;padding: 0!important;background-color: transparent!important;box-shadow: none!important;outline: none!important; min-inline-size: 100%;\">\n                    <legend class=\"ff_screen_reader_title\" style=\"display: block; margin: 0!important;padding: 0!important;height: 0!important;text-indent: -999999px;width: 0!important;overflow:hidden;\">Kontaktu forma<\/legend><input type='hidden' name='__fluent_form_embded_post_id' value='487' \/><input type=\"hidden\" id=\"_fluentform_3_fluentformnonce\" name=\"_fluentform_3_fluentformnonce\" value=\"4389bb706e\" \/><input type=\"hidden\" name=\"_wp_http_referer\" value=\"\/lv\/wp-json\/wp\/v2\/pages\/487\" \/><div data-type=\"name-element\" data-name=\"names\" class=\"ff-field_container ff-name-field-wrapper\" ><div class='ff-t-container'><div class='ff-t-cell'><div class='ff-el-group'><div class=\"ff-el-input--label asterisk-right\"><label for='ff_3_names_first_name_' id='label_ff_3_names_first_name_' >J\u016bsu v\u0101rds un uzv\u0101rds<\/label><\/div><div class='ff-el-input--content'><input type=\"text\" name=\"names[first_name]\" id=\"ff_3_names_first_name_\" class=\"ff-el-form-control\" aria-invalid=\"false\" aria-required=\"false\"><\/div><\/div><\/div><div class='ff-t-cell'><div class='ff-el-group'><div class=\"ff-el-input--label asterisk-right\"><label for='ff_3_names_last_name_' id='label_ff_3_names_last_name_' >Uz\u0146\u0113mums<\/label><\/div><div class='ff-el-input--content'><input type=\"text\" name=\"names[last_name]\" id=\"ff_3_names_last_name_\" class=\"ff-el-form-control\" aria-invalid=\"false\" aria-required=\"false\"><\/div><\/div><\/div><\/div><\/div><div class='ff-el-group'><div class=\"ff-el-input--label ff-el-is-required asterisk-right\"><label for='ff_3_email' id='label_ff_3_email' aria-label=\"E-pasta adrese\">E-pasta adrese<\/label><\/div><div class='ff-el-input--content'><input type=\"email\" name=\"email\" id=\"ff_3_email\" class=\"ff-el-form-control\" data-name=\"email\"  aria-invalid=\"false\" aria-required=\"true\"><\/div><\/div><div class='ff-el-group'><div class=\"ff-el-input--label ff-el-is-required asterisk-right\"><label for='ff_3_input_text' id='label_ff_3_input_text' aria-label=\"T\u0101lru\u0146a numurs\">T\u0101lru\u0146a numurs<\/label><\/div><div class='ff-el-input--content'><input type=\"text\" name=\"input_text\" class=\"ff-el-form-control\" data-name=\"input_text\" id=\"ff_3_input_text\"  aria-invalid=\"false\" aria-required=\"true\"><\/div><\/div><div class='ff-el-group'><div class=\"ff-el-input--label ff-el-is-required asterisk-right\"><label for='ff_3_message' id='label_ff_3_message' aria-label=\"J\u016bsu zi\u0146a\">J\u016bsu zi\u0146a<\/label><\/div><div class='ff-el-input--content'><textarea aria-required=\"true\" aria-labelledby=\"label_ff_3_message\" name=\"message\" id=\"ff_3_message\" class=\"ff-el-form-control\" placeholder=\"\u012era\u0161ykite savo \u017einut\u0119\" rows=\"4\" cols=\"2\" data-name=\"message\" ><\/textarea><\/div><\/div><div class='ff-el-group ff-text-center ff_submit_btn_wrapper'><button type=\"submit\" class=\"ff-btn ff-btn-submit ff-btn-md ff_btn_no_style wpf_has_custom_css\"  aria-label=\"SI\u0172STI U\u017dKLAUS\u0104\">SI\u0172STI U\u017dKLAUS\u0104<\/button><\/div><\/fieldset><input type=\"hidden\" name=\"trp-form-language\" value=\"lv\"\/><\/form><div id='fluentform_3_errors' class='ff-errors-in-stack ff_form_instance_3_1 ff-form-loading_errors ff_form_instance_3_1_errors'><\/div><\/div>            <script type=\"text\/javascript\">\n                window.fluent_form_ff_form_instance_3_1 = {\"id\":\"3\",\"ajaxUrl\":\"https:\\\/\\\/smartersoap.lt\\\/wp-admin\\\/admin-ajax.php\",\"settings\":{\"layout\":{\"labelPlacement\":\"top\",\"helpMessagePlacement\":\"with_label\",\"errorMessagePlacement\":\"inline\",\"cssClassName\":\"\",\"asteriskPlacement\":\"asterisk-right\"},\"restrictions\":{\"denyEmptySubmission\":{\"enabled\":false}}},\"form_instance\":\"ff_form_instance_3_1\",\"form_id_selector\":\"fluentform_3\",\"rules\":{\"names[first_name]\":{\"required\":{\"value\":false,\"message\":\"This field is required\",\"global\":false,\"global_message\":\"This field is required\"}},\"names[middle_name]\":{\"required\":{\"value\":false,\"message\":\"This field is required\",\"global\":false,\"global_message\":\"This field is required\"}},\"names[last_name]\":{\"required\":{\"value\":false,\"message\":\"This field is required\",\"global\":false,\"global_message\":\"This field is required\"}},\"email\":{\"required\":{\"value\":true,\"message\":\"\\u0160is laukas privalomas\",\"global\":false,\"global_message\":\"This field is required\"},\"email\":{\"value\":true,\"message\":\"\\u012eveskite tikr\\u0105 el.pa\\u0161to adres\\u0105.\",\"global\":false,\"global_message\":\"This field must contain a valid email\"}},\"input_text\":{\"required\":{\"value\":true,\"message\":\"\\u0160is laukas privalomas\",\"global_message\":\"This field is required\",\"global\":false}},\"message\":{\"required\":{\"value\":true,\"message\":\"\\u0160is laukas privalomas\",\"global\":false,\"global_message\":\"This field is required\"}},\"g-recaptcha-response\":[]},\"debounce_time\":300};\n                            <\/script>\n            <\/div><\/div>\n\n<\/div><\/div>\n\n\n<p><\/p>","protected":false},"excerpt":{"rendered":"<p>Kontaktai Rekvizitai UAB Tectio Kaunas, Lietuva\u012emon\u0117s kodas: 305850450PVM Kodas: LT100015325015 U\u017eklausos forma Turite klausim\u0173? Reikia pagalbos? U\u017epildykite form\u0105 ir susisieksime su Jumis!<\/p>","protected":false},"author":4,"featured_media":0,"parent":0,"menu_order":0,"comment_status":"closed","ping_status":"closed","template":"","meta":{"_gspb_post_css":"","_kad_blocks_custom_css":"","_kad_blocks_head_custom_js":"","_kad_blocks_body_custom_js":"","_kad_blocks_footer_custom_js":"","footnotes":""},"class_list":["post-487","page","type-page","status-publish","hentry"],"blocksy_meta":{"has_hero_section":"disabled","styles_descriptor":{"styles":{"desktop":"","tablet":"","mobile":""},"google_fonts":[],"version":6}},"taxonomy_info":[],"featured_image_src_large":false,"author_info":{"display_name":"Agn\u0117 Ambrasait\u0117","author_link":"https:\/\/smartersoap.lt\/lv\/author\/agne\/"},"comment_info":0,"_links":{"self":[{"href":"https:\/\/smartersoap.lt\/lv\/wp-json\/wp\/v2\/pages\/487","targetHints":{"allow":["GET"]}}],"collection":[{"href":"https:\/\/smartersoap.lt\/lv\/wp-json\/wp\/v2\/pages"}],"about":[{"href":"https:\/\/smartersoap.lt\/lv\/wp-json\/wp\/v2\/types\/page"}],"author":[{"embeddable":true,"href":"https:\/\/smartersoap.lt\/lv\/wp-json\/wp\/v2\/users\/4"}],"replies":[{"embeddable":true,"href":"https:\/\/smartersoap.lt\/lv\/wp-json\/wp\/v2\/comments?post=487"}],"version-history":[{"count":5,"href":"https:\/\/smartersoap.lt\/lv\/wp-json\/wp\/v2\/pages\/487\/revisions"}],"predecessor-version":[{"id":1764,"href":"https:\/\/smartersoap.lt\/lv\/wp-json\/wp\/v2\/pages\/487\/revisions\/1764"}],"wp:attachment":[{"href":"https:\/\/smartersoap.lt\/lv\/wp-json\/wp\/v2\/media?parent=487"}],"curies":[{"name":"wp","href":"https:\/\/api.w.org\/{rel}","templated":true}]}}