{"id":554,"date":"2024-02-27T00:23:51","date_gmt":"2024-02-27T00:23:51","guid":{"rendered":"https:\/\/smartersoap.lt\/?page_id=554"},"modified":"2024-12-11T07:05:57","modified_gmt":"2024-12-11T07:05:57","slug":"piegade","status":"publish","type":"page","link":"https:\/\/smartersoap.lt\/lv\/piegade\/","title":{"rendered":"Pieg\u0101de"},"content":{"rendered":"<style>.kb-row-layout-wrap.wp-block-kadence-rowlayout.kb-row-layout-id554_9d345b-a3{margin-top:-50px;}.kb-row-layout-id554_9d345b-a3 > .kt-row-column-wrap{align-content:start;}:where(.kb-row-layout-id554_9d345b-a3 > .kt-row-column-wrap) > .wp-block-kadence-column{justify-content:start;}.kb-row-layout-id554_9d345b-a3 > .kt-row-column-wrap{column-gap:var(--global-kb-gap-md, 2rem);row-gap:var(--global-kb-gap-md, 2rem);padding-bottom:var(--global-kb-spacing-sm, 1.5rem);grid-template-columns:minmax(0, 1fr);}.kb-row-layout-id554_9d345b-a3 > .kt-row-layout-overlay{opacity:0.30;}@media all and (max-width: 1024px){.kb-row-layout-id554_9d345b-a3 > .kt-row-column-wrap{grid-template-columns:minmax(0, 1fr);}}@media all and (max-width: 767px){.kb-row-layout-wrap.wp-block-kadence-rowlayout.kb-row-layout-id554_9d345b-a3{margin-top:-40px;}.kb-row-layout-id554_9d345b-a3 > .kt-row-column-wrap{padding-top:0px;padding-bottom:0px;grid-template-columns:minmax(0, 1fr);}}<\/style><div class=\"kb-row-layout-wrap kb-row-layout-id554_9d345b-a3 alignnone wp-block-kadence-rowlayout\"><div class=\"kt-row-column-wrap kt-has-1-columns kt-row-layout-equal kt-tab-layout-inherit kt-mobile-layout-row kt-row-valign-top\">\n<style>.kadence-column554_aab393-38 > .kt-inside-inner-col,.kadence-column554_aab393-38 > .kt-inside-inner-col:before{border-top-left-radius:0px;border-top-right-radius:0px;border-bottom-right-radius:0px;border-bottom-left-radius:0px;}.kadence-column554_aab393-38 > .kt-inside-inner-col{column-gap:var(--global-kb-gap-sm, 1rem);}.kadence-column554_aab393-38 > .kt-inside-inner-col{flex-direction:column;}.kadence-column554_aab393-38 > .kt-inside-inner-col > .aligncenter{width:100%;}.kadence-column554_aab393-38 > .kt-inside-inner-col:before{opacity:0.3;}.kadence-column554_aab393-38{position:relative;}@media all and (max-width: 1024px){.kadence-column554_aab393-38 > .kt-inside-inner-col{flex-direction:column;justify-content:center;}}@media all and (max-width: 767px){.kadence-column554_aab393-38 > .kt-inside-inner-col{flex-direction:column;justify-content:center;}}<\/style>\n<div class=\"wp-block-kadence-column kadence-column554_aab393-38\"><div class=\"kt-inside-inner-col\"><\/div><\/div>\n\n<\/div><\/div>\n\n<style>.kb-row-layout-id554_044f43-40 > .kt-row-column-wrap{align-content:start;}:where(.kb-row-layout-id554_044f43-40 > .kt-row-column-wrap) > .wp-block-kadence-column{justify-content:start;}.kb-row-layout-id554_044f43-40 > .kt-row-column-wrap{column-gap:var(--global-kb-gap-md, 2rem);row-gap:var(--global-kb-gap-none, 0rem );max-width:1440px;padding-top:var(--global-kb-spacing-md, 2rem);padding-right:0px;padding-bottom:var(--global-kb-spacing-md, 2rem);padding-left:0px;grid-template-columns:minmax(0, calc(70% - ((var(--global-kb-gap-md, 2rem) * 1 )\/2)))minmax(0, calc(30% - ((var(--global-kb-gap-md, 2rem) * 1 )\/2)));}.kb-row-layout-id554_044f43-40 > .kt-row-layout-overlay{opacity:0.30;}@media all and (max-width: 1024px){.kb-row-layout-id554_044f43-40 > .kt-row-column-wrap{padding-right:var(--global-kb-spacing-sm, 1.5rem);padding-left:var(--global-kb-spacing-sm, 1.5rem);grid-template-columns:repeat(2, minmax(0, 1fr));}}@media all and (max-width: 767px){.kb-row-layout-id554_044f43-40 > .kt-row-column-wrap{grid-template-columns:minmax(0, 1fr);}}<\/style><div class=\"kb-row-layout-wrap kb-row-layout-id554_044f43-40 alignfull wp-block-kadence-rowlayout\"><div class=\"kt-row-column-wrap kt-has-2-columns kt-row-layout-equal kt-tab-layout-inherit kt-mobile-layout-row kt-row-valign-top kb-theme-content-width\">\n<style>.kadence-column554_c4b478-db > .kt-inside-inner-col{display:flex;}.kadence-column554_c4b478-db > .kt-inside-inner-col,.kadence-column554_c4b478-db > .kt-inside-inner-col:before{border-top-left-radius:0px;border-top-right-radius:0px;border-bottom-right-radius:0px;border-bottom-left-radius:0px;}.kadence-column554_c4b478-db > .kt-inside-inner-col{column-gap:var(--global-kb-gap-sm, 1rem);}.kadence-column554_c4b478-db > .kt-inside-inner-col{flex-direction:column;align-items:flex-start;}.kadence-column554_c4b478-db > .kt-inside-inner-col > .kb-image-is-ratio-size{align-self:stretch;}.kadence-column554_c4b478-db > .kt-inside-inner-col > .wp-block-kadence-advancedgallery{align-self:stretch;}.kadence-column554_c4b478-db > .kt-inside-inner-col > .aligncenter{width:100%;}.kadence-column554_c4b478-db > .kt-inside-inner-col:before{opacity:0.3;}.kadence-column554_c4b478-db{position:relative;}@media all and (max-width: 1024px){.kadence-column554_c4b478-db > .kt-inside-inner-col{flex-direction:column;justify-content:center;align-items:flex-start;}}@media all and (max-width: 767px){.kadence-column554_c4b478-db > .kt-inside-inner-col{flex-direction:column;justify-content:center;align-items:flex-start;}}<\/style>\n<div class=\"wp-block-kadence-column kadence-column554_c4b478-db\"><div class=\"kt-inside-inner-col\"><style>.wp-block-kadence-advancedheading.kt-adv-heading554_079bf2-4f, .wp-block-kadence-advancedheading.kt-adv-heading554_079bf2-4f[data-kb-block=\"kb-adv-heading554_079bf2-4f\"]{padding-bottom:0px;text-align:left;font-size:var(--global-kb-font-size-xxl, 4rem);font-style:normal;color:var(--global-palette3, #1A202C);}.wp-block-kadence-advancedheading.kt-adv-heading554_079bf2-4f mark.kt-highlight, .wp-block-kadence-advancedheading.kt-adv-heading554_079bf2-4f[data-kb-block=\"kb-adv-heading554_079bf2-4f\"] mark.kt-highlight{font-style:normal;color:#f76a0c;-webkit-box-decoration-break:clone;box-decoration-break:clone;padding-top:0px;padding-right:0px;padding-bottom:0px;padding-left:0px;}.wp-block-kadence-advancedheading.kt-adv-heading554_079bf2-4f img.kb-inline-image, .wp-block-kadence-advancedheading.kt-adv-heading554_079bf2-4f[data-kb-block=\"kb-adv-heading554_079bf2-4f\"] img.kb-inline-image{width:150px;vertical-align:baseline;}@media all and (max-width: 767px){.wp-block-kadence-advancedheading.kt-adv-heading554_079bf2-4f, .wp-block-kadence-advancedheading.kt-adv-heading554_079bf2-4f[data-kb-block=\"kb-adv-heading554_079bf2-4f\"]{padding-bottom:0px;}}<\/style>\n<h1 class=\"kt-adv-heading554_079bf2-4f wp-block-kadence-advancedheading has-theme-palette-3-color has-text-color\" data-kb-block=\"kb-adv-heading554_079bf2-4f\"><strong>Pieg\u0101de<\/strong><\/h1>\n\n\n<style>.wp-block-kadence-advancedheading.kt-adv-heading554_f45ea5-95, .wp-block-kadence-advancedheading.kt-adv-heading554_f45ea5-95[data-kb-block=\"kb-adv-heading554_f45ea5-95\"]{font-style:normal;}.wp-block-kadence-advancedheading.kt-adv-heading554_f45ea5-95 mark.kt-highlight, .wp-block-kadence-advancedheading.kt-adv-heading554_f45ea5-95[data-kb-block=\"kb-adv-heading554_f45ea5-95\"] mark.kt-highlight{font-style:normal;color:#f76a0c;-webkit-box-decoration-break:clone;box-decoration-break:clone;padding-top:0px;padding-right:0px;padding-bottom:0px;padding-left:0px;}.wp-block-kadence-advancedheading.kt-adv-heading554_f45ea5-95 img.kb-inline-image, .wp-block-kadence-advancedheading.kt-adv-heading554_f45ea5-95[data-kb-block=\"kb-adv-heading554_f45ea5-95\"] img.kb-inline-image{width:150px;vertical-align:baseline;}<\/style>\n<p class=\"kt-adv-heading554_f45ea5-95 wp-block-kadence-advancedheading\" data-kb-block=\"kb-adv-heading554_f45ea5-95\">Vienk\u0101r\u0161a un \u0113rt\u0101 pieg\u0101de vis\u0101 Lietuv\u0101 un Eiropas Savien\u012bb\u0101.<\/p>\n\n\n<style>.wp-block-kadence-advancedheading.kt-adv-heading554_4f6383-58, .wp-block-kadence-advancedheading.kt-adv-heading554_4f6383-58[data-kb-block=\"kb-adv-heading554_4f6383-58\"]{font-size:var(--global-kb-font-size-md, 1.25rem);font-style:normal;}.wp-block-kadence-advancedheading.kt-adv-heading554_4f6383-58 mark.kt-highlight, .wp-block-kadence-advancedheading.kt-adv-heading554_4f6383-58[data-kb-block=\"kb-adv-heading554_4f6383-58\"] mark.kt-highlight{font-style:normal;color:#f76a0c;-webkit-box-decoration-break:clone;box-decoration-break:clone;padding-top:0px;padding-right:0px;padding-bottom:0px;padding-left:0px;}.wp-block-kadence-advancedheading.kt-adv-heading554_4f6383-58 img.kb-inline-image, .wp-block-kadence-advancedheading.kt-adv-heading554_4f6383-58[data-kb-block=\"kb-adv-heading554_4f6383-58\"] img.kb-inline-image{width:150px;vertical-align:baseline;}@media all and (max-width: 767px){.wp-block-kadence-advancedheading.kt-adv-heading554_4f6383-58, .wp-block-kadence-advancedheading.kt-adv-heading554_4f6383-58[data-kb-block=\"kb-adv-heading554_4f6383-58\"]{font-size:24px;}}<\/style>\n<p class=\"kt-adv-heading554_4f6383-58 wp-block-kadence-advancedheading\" data-kb-block=\"kb-adv-heading554_4f6383-58\"><strong>Pieg\u0101de ES:<\/strong><\/p>\n\n\n<style>.wp-block-kadence-advancedheading.kt-adv-heading554_d23353-24, .wp-block-kadence-advancedheading.kt-adv-heading554_d23353-24[data-kb-block=\"kb-adv-heading554_d23353-24\"]{font-style:normal;}.wp-block-kadence-advancedheading.kt-adv-heading554_d23353-24 mark.kt-highlight, .wp-block-kadence-advancedheading.kt-adv-heading554_d23353-24[data-kb-block=\"kb-adv-heading554_d23353-24\"] mark.kt-highlight{font-style:normal;color:#f76a0c;-webkit-box-decoration-break:clone;box-decoration-break:clone;padding-top:0px;padding-right:0px;padding-bottom:0px;padding-left:0px;}.wp-block-kadence-advancedheading.kt-adv-heading554_d23353-24 img.kb-inline-image, .wp-block-kadence-advancedheading.kt-adv-heading554_d23353-24[data-kb-block=\"kb-adv-heading554_d23353-24\"] img.kb-inline-image{width:150px;vertical-align:baseline;}<\/style>\n<p class=\"kt-adv-heading554_d23353-24 wp-block-kadence-advancedheading\" data-kb-block=\"kb-adv-heading554_d23353-24\">Pas\u016bt\u012bjumu pieg\u0101de no 10 \u20ac vis\u0101 Eiropas Savien\u012bb\u0101.<\/p>\n\n\n<style>.wp-block-kadence-advancedheading.kt-adv-heading554_4d69d1-f5, .wp-block-kadence-advancedheading.kt-adv-heading554_4d69d1-f5[data-kb-block=\"kb-adv-heading554_4d69d1-f5\"]{font-size:var(--global-kb-font-size-md, 1.25rem);font-style:normal;}.wp-block-kadence-advancedheading.kt-adv-heading554_4d69d1-f5 mark.kt-highlight, .wp-block-kadence-advancedheading.kt-adv-heading554_4d69d1-f5[data-kb-block=\"kb-adv-heading554_4d69d1-f5\"] mark.kt-highlight{font-style:normal;color:#f76a0c;-webkit-box-decoration-break:clone;box-decoration-break:clone;padding-top:0px;padding-right:0px;padding-bottom:0px;padding-left:0px;}.wp-block-kadence-advancedheading.kt-adv-heading554_4d69d1-f5 img.kb-inline-image, .wp-block-kadence-advancedheading.kt-adv-heading554_4d69d1-f5[data-kb-block=\"kb-adv-heading554_4d69d1-f5\"] img.kb-inline-image{width:150px;vertical-align:baseline;}@media all and (max-width: 767px){.wp-block-kadence-advancedheading.kt-adv-heading554_4d69d1-f5, .wp-block-kadence-advancedheading.kt-adv-heading554_4d69d1-f5[data-kb-block=\"kb-adv-heading554_4d69d1-f5\"]{font-size:24px;}}<\/style>\n<p class=\"kt-adv-heading554_4d69d1-f5 wp-block-kadence-advancedheading\" data-kb-block=\"kb-adv-heading554_4d69d1-f5\"><strong>Pieg\u0101de Lietuv\u0101:<\/strong><\/p>\n\n\n<style>.wp-block-kadence-advancedheading.kt-adv-heading554_4734d3-6b, .wp-block-kadence-advancedheading.kt-adv-heading554_4734d3-6b[data-kb-block=\"kb-adv-heading554_4734d3-6b\"]{font-style:normal;}.wp-block-kadence-advancedheading.kt-adv-heading554_4734d3-6b mark.kt-highlight, .wp-block-kadence-advancedheading.kt-adv-heading554_4734d3-6b[data-kb-block=\"kb-adv-heading554_4734d3-6b\"] mark.kt-highlight{font-style:normal;color:#f76a0c;-webkit-box-decoration-break:clone;box-decoration-break:clone;padding-top:0px;padding-right:0px;padding-bottom:0px;padding-left:0px;}.wp-block-kadence-advancedheading.kt-adv-heading554_4734d3-6b img.kb-inline-image, .wp-block-kadence-advancedheading.kt-adv-heading554_4734d3-6b[data-kb-block=\"kb-adv-heading554_4734d3-6b\"] img.kb-inline-image{width:150px;vertical-align:baseline;}<\/style>\n<p class=\"kt-adv-heading554_4734d3-6b wp-block-kadence-advancedheading\" data-kb-block=\"kb-adv-heading554_4734d3-6b\"><strong>LP Express pakom\u0101ti<\/strong><\/p>\n\n\n<style>.wp-block-kadence-advancedheading.kt-adv-heading554_d025b3-4b, .wp-block-kadence-advancedheading.kt-adv-heading554_d025b3-4b[data-kb-block=\"kb-adv-heading554_d025b3-4b\"]{font-style:normal;}.wp-block-kadence-advancedheading.kt-adv-heading554_d025b3-4b mark.kt-highlight, .wp-block-kadence-advancedheading.kt-adv-heading554_d025b3-4b[data-kb-block=\"kb-adv-heading554_d025b3-4b\"] mark.kt-highlight{font-style:normal;color:#f76a0c;-webkit-box-decoration-break:clone;box-decoration-break:clone;padding-top:0px;padding-right:0px;padding-bottom:0px;padding-left:0px;}.wp-block-kadence-advancedheading.kt-adv-heading554_d025b3-4b img.kb-inline-image, .wp-block-kadence-advancedheading.kt-adv-heading554_d025b3-4b[data-kb-block=\"kb-adv-heading554_d025b3-4b\"] img.kb-inline-image{width:150px;vertical-align:baseline;}<\/style>\n<p class=\"kt-adv-heading554_d025b3-4b wp-block-kadence-advancedheading\" data-kb-block=\"kb-adv-heading554_d025b3-4b\">Bezmaksas pieg\u0101de vis\u0101 Lietuv\u0101 pas\u016bt\u012bjumiem no 29 \u20ac.<\/p>\n\n\n<style>.wp-block-kadence-advancedheading.kt-adv-heading554_d2300a-a4, .wp-block-kadence-advancedheading.kt-adv-heading554_d2300a-a4[data-kb-block=\"kb-adv-heading554_d2300a-a4\"]{font-style:normal;}.wp-block-kadence-advancedheading.kt-adv-heading554_d2300a-a4 mark.kt-highlight, .wp-block-kadence-advancedheading.kt-adv-heading554_d2300a-a4[data-kb-block=\"kb-adv-heading554_d2300a-a4\"] mark.kt-highlight{font-style:normal;color:#f76a0c;-webkit-box-decoration-break:clone;box-decoration-break:clone;padding-top:0px;padding-right:0px;padding-bottom:0px;padding-left:0px;}.wp-block-kadence-advancedheading.kt-adv-heading554_d2300a-a4 img.kb-inline-image, .wp-block-kadence-advancedheading.kt-adv-heading554_d2300a-a4[data-kb-block=\"kb-adv-heading554_d2300a-a4\"] img.kb-inline-image{width:150px;vertical-align:baseline;}<\/style>\n<p class=\"kt-adv-heading554_d2300a-a4 wp-block-kadence-advancedheading\" data-kb-block=\"kb-adv-heading554_d2300a-a4\"><strong>Kurjers<\/strong><\/p>\n\n\n<style>.wp-block-kadence-advancedheading.kt-adv-heading554_947968-ed, .wp-block-kadence-advancedheading.kt-adv-heading554_947968-ed[data-kb-block=\"kb-adv-heading554_947968-ed\"]{font-style:normal;}.wp-block-kadence-advancedheading.kt-adv-heading554_947968-ed mark.kt-highlight, .wp-block-kadence-advancedheading.kt-adv-heading554_947968-ed[data-kb-block=\"kb-adv-heading554_947968-ed\"] mark.kt-highlight{font-style:normal;color:#f76a0c;-webkit-box-decoration-break:clone;box-decoration-break:clone;padding-top:0px;padding-right:0px;padding-bottom:0px;padding-left:0px;}.wp-block-kadence-advancedheading.kt-adv-heading554_947968-ed img.kb-inline-image, .wp-block-kadence-advancedheading.kt-adv-heading554_947968-ed[data-kb-block=\"kb-adv-heading554_947968-ed\"] img.kb-inline-image{width:150px;vertical-align:baseline;}<\/style>\n<p class=\"kt-adv-heading554_947968-ed wp-block-kadence-advancedheading\" data-kb-block=\"kb-adv-heading554_947968-ed\">Cena: 2,99 \u20ac <\/p>\n\n\n\n<p>1\u20132 darba dienas LP Express pieg\u0101de uz m\u0101j\u0101m vai biroju<\/p>\n\n\n<style>.wp-block-kadence-advancedheading.kt-adv-heading554_b8b7aa-07, .wp-block-kadence-advancedheading.kt-adv-heading554_b8b7aa-07[data-kb-block=\"kb-adv-heading554_b8b7aa-07\"]{font-style:normal;}.wp-block-kadence-advancedheading.kt-adv-heading554_b8b7aa-07 mark.kt-highlight, .wp-block-kadence-advancedheading.kt-adv-heading554_b8b7aa-07[data-kb-block=\"kb-adv-heading554_b8b7aa-07\"] mark.kt-highlight{font-style:normal;color:#f76a0c;-webkit-box-decoration-break:clone;box-decoration-break:clone;padding-top:0px;padding-right:0px;padding-bottom:0px;padding-left:0px;}.wp-block-kadence-advancedheading.kt-adv-heading554_b8b7aa-07 img.kb-inline-image, .wp-block-kadence-advancedheading.kt-adv-heading554_b8b7aa-07[data-kb-block=\"kb-adv-heading554_b8b7aa-07\"] img.kb-inline-image{width:150px;vertical-align:baseline;}<\/style>\n<p class=\"kt-adv-heading554_b8b7aa-07 wp-block-kadence-advancedheading\" data-kb-block=\"kb-adv-heading554_b8b7aa-07\"><strong>Individu\u0101lie pas\u016bt\u012bjumi<\/strong><\/p>\n\n\n<style>.wp-block-kadence-advancedheading.kt-adv-heading554_3bd36a-a8, .wp-block-kadence-advancedheading.kt-adv-heading554_3bd36a-a8[data-kb-block=\"kb-adv-heading554_3bd36a-a8\"]{font-style:normal;}.wp-block-kadence-advancedheading.kt-adv-heading554_3bd36a-a8 mark.kt-highlight, .wp-block-kadence-advancedheading.kt-adv-heading554_3bd36a-a8[data-kb-block=\"kb-adv-heading554_3bd36a-a8\"] mark.kt-highlight{font-style:normal;color:#f76a0c;-webkit-box-decoration-break:clone;box-decoration-break:clone;padding-top:0px;padding-right:0px;padding-bottom:0px;padding-left:0px;}.wp-block-kadence-advancedheading.kt-adv-heading554_3bd36a-a8 img.kb-inline-image, .wp-block-kadence-advancedheading.kt-adv-heading554_3bd36a-a8[data-kb-block=\"kb-adv-heading554_3bd36a-a8\"] img.kb-inline-image{width:150px;vertical-align:baseline;}<\/style>\n<p class=\"kt-adv-heading554_3bd36a-a8 wp-block-kadence-advancedheading\" data-kb-block=\"kb-adv-heading554_3bd36a-a8\">Sazinieties ar mums, un m\u0113s pied\u0101v\u0101sim Jums individu\u0101lu pieg\u0101des risin\u0101jumu un sniegsim nepiecie\u0161amo inform\u0101ciju.<br><a href=\"https:\/\/smartersoap.lt\/lv\/kontakti\/\">Sazinieties<\/a><\/p>\n<\/div><\/div>\n\n\n<style>.kadence-column554_bcd2a5-33 > .kt-inside-inner-col{display:flex;}.kadence-column554_bcd2a5-33 > .kt-inside-inner-col,.kadence-column554_bcd2a5-33 > .kt-inside-inner-col:before{border-top-left-radius:0px;border-top-right-radius:0px;border-bottom-right-radius:0px;border-bottom-left-radius:0px;}.kadence-column554_bcd2a5-33 > .kt-inside-inner-col{column-gap:var(--global-kb-gap-sm, 1rem);}.kadence-column554_bcd2a5-33 > .kt-inside-inner-col{flex-direction:column;justify-content:center;}.kadence-column554_bcd2a5-33 > .kt-inside-inner-col > .aligncenter{width:100%;}.kt-row-column-wrap > .kadence-column554_bcd2a5-33{align-self:center;}.kt-inner-column-height-full:not(.kt-has-1-columns) > .wp-block-kadence-column.kadence-column554_bcd2a5-33{align-self:auto;}.kt-inner-column-height-full:not(.kt-has-1-columns) > .wp-block-kadence-column.kadence-column554_bcd2a5-33 > .kt-inside-inner-col{flex-direction:column;justify-content:center;}.kadence-column554_bcd2a5-33 > .kt-inside-inner-col:before{opacity:0.3;}.kadence-column554_bcd2a5-33{position:relative;}@media all and (max-width: 1024px){.kt-row-column-wrap > .kadence-column554_bcd2a5-33{align-self:center;}}@media all and (max-width: 1024px){.kt-inner-column-height-full:not(.kt-has-1-columns) > .wp-block-kadence-column.kadence-column554_bcd2a5-33{align-self:auto;}}@media all and (max-width: 1024px){.kt-inner-column-height-full:not(.kt-has-1-columns) > .wp-block-kadence-column.kadence-column554_bcd2a5-33 > .kt-inside-inner-col{flex-direction:column;justify-content:center;}}@media all and (max-width: 1024px){.kadence-column554_bcd2a5-33 > .kt-inside-inner-col{flex-direction:column;justify-content:center;}}@media all and (max-width: 1024px){.kadence-column554_bcd2a5-33, .kt-inside-inner-col > .kadence-column554_bcd2a5-33:not(.specificity){margin-bottom:-8px;}}@media all and (max-width: 767px){.kt-row-column-wrap > .kadence-column554_bcd2a5-33{align-self:center;}.kt-inner-column-height-full:not(.kt-has-1-columns) > .wp-block-kadence-column.kadence-column554_bcd2a5-33{align-self:auto;}.kt-inner-column-height-full:not(.kt-has-1-columns) > .wp-block-kadence-column.kadence-column554_bcd2a5-33 > .kt-inside-inner-col{flex-direction:column;justify-content:center;}.kadence-column554_bcd2a5-33 > .kt-inside-inner-col{flex-direction:column;justify-content:center;}}<\/style>\n<div class=\"wp-block-kadence-column kadence-column554_bcd2a5-33 kvs-md-false kvs-sm-false\" data-aos=\"zoom-in-up\" data-aos-duration=\"1200\"><div class=\"kt-inside-inner-col\"><style>.wp-block-kadence-image.kb-image554_53d80f-48:not(.kb-specificity-added):not(.kb-extra-specificity-added){margin-bottom:-60px;}.kb-image554_53d80f-48 .kb-image-has-overlay:after{opacity:0.3;}@media all and (max-width: 767px){.wp-block-kadence-image.kb-image554_53d80f-48:not(.kb-specificity-added):not(.kb-extra-specificity-added){margin-bottom:-60px;}}<\/style>\n<figure class=\"wp-block-kadence-image kb-image554_53d80f-48 size-large\"><img decoding=\"async\" src=\"https:\/\/ux-designer.lt\/wp-content\/uploads\/2024\/09\/060A5332-1-1024x1024.png\" alt=\"\" class=\"kb-img wp-image-988568\"\/><\/figure>\n<\/div><\/div>\n\n<\/div><\/div>\n\n\n<p><\/p>","protected":false},"excerpt":{"rendered":"<p>Pristatymas Paprastas ir patogus pristatymas visoje Lietuvoje ir Europos s\u0105jungoje Pristatymas ES: U\u017esakymo pristatymas nuo 10\u20ac eur\u0173 visoje Europos s\u0105jungoje Pristatymas Lietuvoje: LP Express pa\u0161tomatai Nemokamas pristatymas visoje Lietuvoje u\u017esakymams nuo 29\u20ac. Kurjeris Kaina: 2.99\u20ac 1-2 Darbo dienos LP Express pristatymas \u012f namus ar biur\u0105 Indiviadual\u016bs u\u017esakymai Susisiekite su mumis ir pasi\u016blysime Jums asmenin\u012f pristatymo [&hellip;]<\/p>","protected":false},"author":2,"featured_media":0,"parent":0,"menu_order":0,"comment_status":"closed","ping_status":"closed","template":"","meta":{"_gspb_post_css":"","_kad_blocks_custom_css":"","_kad_blocks_head_custom_js":"","_kad_blocks_body_custom_js":"","_kad_blocks_footer_custom_js":"","footnotes":""},"class_list":["post-554","page","type-page","status-publish","hentry"],"blocksy_meta":{"has_hero_section":"disabled","styles_descriptor":{"styles":{"desktop":"","tablet":"","mobile":""},"google_fonts":[],"version":6}},"taxonomy_info":[],"featured_image_src_large":false,"author_info":{"display_name":"agneisku","author_link":"https:\/\/smartersoap.lt\/lv\/author\/agneisku\/"},"comment_info":0,"_links":{"self":[{"href":"https:\/\/smartersoap.lt\/lv\/wp-json\/wp\/v2\/pages\/554","targetHints":{"allow":["GET"]}}],"collection":[{"href":"https:\/\/smartersoap.lt\/lv\/wp-json\/wp\/v2\/pages"}],"about":[{"href":"https:\/\/smartersoap.lt\/lv\/wp-json\/wp\/v2\/types\/page"}],"author":[{"embeddable":true,"href":"https:\/\/smartersoap.lt\/lv\/wp-json\/wp\/v2\/users\/2"}],"replies":[{"embeddable":true,"href":"https:\/\/smartersoap.lt\/lv\/wp-json\/wp\/v2\/comments?post=554"}],"version-history":[{"count":4,"href":"https:\/\/smartersoap.lt\/lv\/wp-json\/wp\/v2\/pages\/554\/revisions"}],"predecessor-version":[{"id":1767,"href":"https:\/\/smartersoap.lt\/lv\/wp-json\/wp\/v2\/pages\/554\/revisions\/1767"}],"wp:attachment":[{"href":"https:\/\/smartersoap.lt\/lv\/wp-json\/wp\/v2\/media?parent=554"}],"curies":[{"name":"wp","href":"https:\/\/api.w.org\/{rel}","templated":true}]}}