{"id":707,"date":"2024-03-07T15:44:23","date_gmt":"2024-03-07T15:44:23","guid":{"rendered":"https:\/\/smartersoap.lt\/?page_id=707"},"modified":"2024-12-11T07:06:13","modified_gmt":"2024-12-11T07:06:13","slug":"precu-atgriesana","status":"publish","type":"page","link":"https:\/\/smartersoap.lt\/lv\/precu-atgriesana\/","title":{"rendered":"Pre\u010du atgrie\u0161ana"},"content":{"rendered":"<style>.kb-row-layout-wrap.wp-block-kadence-rowlayout.kb-row-layout-id707_7ab527-c0{margin-top:-50px;}.kb-row-layout-id707_7ab527-c0 > .kt-row-column-wrap{align-content:start;}:where(.kb-row-layout-id707_7ab527-c0 > .kt-row-column-wrap) > .wp-block-kadence-column{justify-content:start;}.kb-row-layout-id707_7ab527-c0 > .kt-row-column-wrap{column-gap:var(--global-kb-gap-md, 2rem);row-gap:var(--global-kb-gap-md, 2rem);padding-bottom:var(--global-kb-spacing-sm, 1.5rem);grid-template-columns:minmax(0, 1fr);}.kb-row-layout-id707_7ab527-c0 > .kt-row-layout-overlay{opacity:0.30;}@media all and (max-width: 1024px){.kb-row-layout-id707_7ab527-c0 > .kt-row-column-wrap{grid-template-columns:minmax(0, 1fr);}}@media all and (max-width: 767px){.kb-row-layout-wrap.wp-block-kadence-rowlayout.kb-row-layout-id707_7ab527-c0{margin-top:-40px;}.kb-row-layout-id707_7ab527-c0 > .kt-row-column-wrap{padding-top:0px;padding-bottom:0px;grid-template-columns:minmax(0, 1fr);}}<\/style><div class=\"kb-row-layout-wrap kb-row-layout-id707_7ab527-c0 alignnone wp-block-kadence-rowlayout\"><div class=\"kt-row-column-wrap kt-has-1-columns kt-row-layout-equal kt-tab-layout-inherit kt-mobile-layout-row kt-row-valign-top\">\n<style>.kadence-column707_4a034f-8b > .kt-inside-inner-col,.kadence-column707_4a034f-8b > .kt-inside-inner-col:before{border-top-left-radius:0px;border-top-right-radius:0px;border-bottom-right-radius:0px;border-bottom-left-radius:0px;}.kadence-column707_4a034f-8b > .kt-inside-inner-col{column-gap:var(--global-kb-gap-sm, 1rem);}.kadence-column707_4a034f-8b > .kt-inside-inner-col{flex-direction:column;}.kadence-column707_4a034f-8b > .kt-inside-inner-col > .aligncenter{width:100%;}.kadence-column707_4a034f-8b > .kt-inside-inner-col:before{opacity:0.3;}.kadence-column707_4a034f-8b{position:relative;}@media all and (max-width: 1024px){.kadence-column707_4a034f-8b > .kt-inside-inner-col{flex-direction:column;justify-content:center;}}@media all and (max-width: 767px){.kadence-column707_4a034f-8b > .kt-inside-inner-col{flex-direction:column;justify-content:center;}}<\/style>\n<div class=\"wp-block-kadence-column kadence-column707_4a034f-8b\"><div class=\"kt-inside-inner-col\"><\/div><\/div>\n\n<\/div><\/div>\n\n<style>.kb-row-layout-id707_366dfd-df > .kt-row-column-wrap{align-content:start;}:where(.kb-row-layout-id707_366dfd-df > .kt-row-column-wrap) > .wp-block-kadence-column{justify-content:start;}.kb-row-layout-id707_366dfd-df > .kt-row-column-wrap{column-gap:var(--global-kb-gap-md, 2rem);row-gap:var(--global-kb-gap-none, 0rem );max-width:1440px;padding-top:var(--global-kb-spacing-md, 2rem);padding-right:0px;padding-bottom:var(--global-kb-spacing-md, 2rem);padding-left:0px;grid-template-columns:minmax(0, calc(70% - ((var(--global-kb-gap-md, 2rem) * 1 )\/2)))minmax(0, calc(30% - ((var(--global-kb-gap-md, 2rem) * 1 )\/2)));}.kb-row-layout-id707_366dfd-df > .kt-row-layout-overlay{opacity:0.30;}@media all and (max-width: 1024px){.kb-row-layout-id707_366dfd-df > .kt-row-column-wrap{padding-right:var(--global-kb-spacing-sm, 1.5rem);padding-left:var(--global-kb-spacing-sm, 1.5rem);grid-template-columns:repeat(2, minmax(0, 1fr));}}@media all and (max-width: 767px){.kb-row-layout-id707_366dfd-df > .kt-row-column-wrap{grid-template-columns:minmax(0, 1fr);}}<\/style><div class=\"kb-row-layout-wrap kb-row-layout-id707_366dfd-df alignfull wp-block-kadence-rowlayout\"><div class=\"kt-row-column-wrap kt-has-2-columns kt-row-layout-equal kt-tab-layout-inherit kt-mobile-layout-row kt-row-valign-top kb-theme-content-width\">\n<style>.kadence-column707_0877ec-7b > .kt-inside-inner-col{display:flex;}.kadence-column707_0877ec-7b > .kt-inside-inner-col,.kadence-column707_0877ec-7b > .kt-inside-inner-col:before{border-top-left-radius:0px;border-top-right-radius:0px;border-bottom-right-radius:0px;border-bottom-left-radius:0px;}.kadence-column707_0877ec-7b > .kt-inside-inner-col{column-gap:var(--global-kb-gap-sm, 1rem);}.kadence-column707_0877ec-7b > .kt-inside-inner-col{flex-direction:column;align-items:flex-start;}.kadence-column707_0877ec-7b > .kt-inside-inner-col > .kb-image-is-ratio-size{align-self:stretch;}.kadence-column707_0877ec-7b > .kt-inside-inner-col > .wp-block-kadence-advancedgallery{align-self:stretch;}.kadence-column707_0877ec-7b > .kt-inside-inner-col > .aligncenter{width:100%;}.kadence-column707_0877ec-7b > .kt-inside-inner-col:before{opacity:0.3;}.kadence-column707_0877ec-7b{position:relative;}@media all and (max-width: 1024px){.kadence-column707_0877ec-7b > .kt-inside-inner-col{flex-direction:column;justify-content:center;align-items:flex-start;}}@media all and (max-width: 767px){.kadence-column707_0877ec-7b > .kt-inside-inner-col{flex-direction:column;justify-content:center;align-items:flex-start;}}<\/style>\n<div class=\"wp-block-kadence-column kadence-column707_0877ec-7b\"><div class=\"kt-inside-inner-col\"><style>.wp-block-kadence-advancedheading.kt-adv-heading707_ef485f-48, .wp-block-kadence-advancedheading.kt-adv-heading707_ef485f-48[data-kb-block=\"kb-adv-heading707_ef485f-48\"]{padding-bottom:0px;text-align:center;font-size:var(--global-kb-font-size-xxl, 4rem);font-style:normal;color:var(--global-palette3, #1A202C);}.wp-block-kadence-advancedheading.kt-adv-heading707_ef485f-48 mark.kt-highlight, .wp-block-kadence-advancedheading.kt-adv-heading707_ef485f-48[data-kb-block=\"kb-adv-heading707_ef485f-48\"] mark.kt-highlight{font-style:normal;color:#f76a0c;-webkit-box-decoration-break:clone;box-decoration-break:clone;padding-top:0px;padding-right:0px;padding-bottom:0px;padding-left:0px;}.wp-block-kadence-advancedheading.kt-adv-heading707_ef485f-48 img.kb-inline-image, .wp-block-kadence-advancedheading.kt-adv-heading707_ef485f-48[data-kb-block=\"kb-adv-heading707_ef485f-48\"] img.kb-inline-image{width:150px;vertical-align:baseline;}@media all and (max-width: 767px){.wp-block-kadence-advancedheading.kt-adv-heading707_ef485f-48, .wp-block-kadence-advancedheading.kt-adv-heading707_ef485f-48[data-kb-block=\"kb-adv-heading707_ef485f-48\"]{padding-bottom:0px;}}<\/style>\n<h1 class=\"kt-adv-heading707_ef485f-48 wp-block-kadence-advancedheading has-theme-palette-3-color has-text-color\" data-kb-block=\"kb-adv-heading707_ef485f-48\"><strong>Pre\u010du atgrie\u0161ana<\/strong><\/h1>\n\n\n\n<p><strong>Pre\u010du atgrie\u0161anu vai apmai\u0146u reglament\u0113:<\/strong><\/p>\n\n\n\n<p>Ar Lietuvas Republikas ministru kabineta 2014. gada 22. j\u016blija r\u012bkojumu Nr. 738 (\u017din., 2014, Nr. 2014-10565) apstiprin\u0101tie mazumtirdzniec\u012bbas noteikumi.<\/p>\n\n\n\n<p>Lietuvas Republikas civillikums.<\/p>\n\n\n\n<p>\u2013 Preci varat atgriezt, ja sa\u0146\u0113m\u0101t nekvalitat\u012bvu preci, sa\u0146\u0113m\u0101t ne to, ko pas\u016bt\u012bj\u0101t, vai citos likum\u0101 noteiktos gad\u012bjumos.<br>\u2013 Ja tiek atgriezta nekvalitat\u012bva prece, m\u0113s ap\u0146emamies to pie\u0146emt un aizst\u0101t ar analogu preci. Ja analoga prece nav pieejama, atmaks\u0101sim Jums par preci samaks\u0101to naudu.<br>\u2013 Pieg\u0101de atpaka\u013c uz s\u016bt\u012bt\u0101ja adresi.<\/p>\n\n\n\n<p>\u2013 Par preces atgrie\u0161anu vai mai\u0146u oblig\u0101ti j\u0101inform\u0113 pa e-pastu&nbsp;<a href=\"mailto:info@smartersoap.com\">info@smartersoap.com<\/a><\/p>\n<\/div><\/div>\n\n\n<style>.kadence-column707_030fec-8d > .kt-inside-inner-col{display:flex;}.kadence-column707_030fec-8d > .kt-inside-inner-col,.kadence-column707_030fec-8d > .kt-inside-inner-col:before{border-top-left-radius:0px;border-top-right-radius:0px;border-bottom-right-radius:0px;border-bottom-left-radius:0px;}.kadence-column707_030fec-8d > .kt-inside-inner-col{column-gap:var(--global-kb-gap-sm, 1rem);}.kadence-column707_030fec-8d > .kt-inside-inner-col{flex-direction:column;justify-content:center;}.kadence-column707_030fec-8d > .kt-inside-inner-col > .aligncenter{width:100%;}.kt-row-column-wrap > .kadence-column707_030fec-8d{align-self:center;}.kt-inner-column-height-full:not(.kt-has-1-columns) > .wp-block-kadence-column.kadence-column707_030fec-8d{align-self:auto;}.kt-inner-column-height-full:not(.kt-has-1-columns) > .wp-block-kadence-column.kadence-column707_030fec-8d > .kt-inside-inner-col{flex-direction:column;justify-content:center;}.kadence-column707_030fec-8d > .kt-inside-inner-col:before{opacity:0.3;}.kadence-column707_030fec-8d{position:relative;}@media all and (max-width: 1024px){.kt-row-column-wrap > .kadence-column707_030fec-8d{align-self:center;}}@media all and (max-width: 1024px){.kt-inner-column-height-full:not(.kt-has-1-columns) > .wp-block-kadence-column.kadence-column707_030fec-8d{align-self:auto;}}@media all and (max-width: 1024px){.kt-inner-column-height-full:not(.kt-has-1-columns) > .wp-block-kadence-column.kadence-column707_030fec-8d > .kt-inside-inner-col{flex-direction:column;justify-content:center;}}@media all and (max-width: 1024px){.kadence-column707_030fec-8d > .kt-inside-inner-col{flex-direction:column;justify-content:center;}}@media all and (max-width: 1024px){.kadence-column707_030fec-8d, .kt-inside-inner-col > .kadence-column707_030fec-8d:not(.specificity){margin-bottom:-8px;}}@media all and (max-width: 767px){.kt-row-column-wrap > .kadence-column707_030fec-8d{align-self:center;}.kt-inner-column-height-full:not(.kt-has-1-columns) > .wp-block-kadence-column.kadence-column707_030fec-8d{align-self:auto;}.kt-inner-column-height-full:not(.kt-has-1-columns) > .wp-block-kadence-column.kadence-column707_030fec-8d > .kt-inside-inner-col{flex-direction:column;justify-content:center;}.kadence-column707_030fec-8d > .kt-inside-inner-col{flex-direction:column;justify-content:center;}}<\/style>\n<div class=\"wp-block-kadence-column kadence-column707_030fec-8d kvs-md-false kvs-sm-false\" data-aos=\"zoom-in-up\" data-aos-duration=\"1200\"><div class=\"kt-inside-inner-col\"><style>.wp-block-kadence-image.kb-image707_cf3f48-4f:not(.kb-specificity-added):not(.kb-extra-specificity-added){margin-bottom:-60px;}.kb-image707_cf3f48-4f .kb-image-has-overlay:after{opacity:0.3;}@media all and (max-width: 767px){.wp-block-kadence-image.kb-image707_cf3f48-4f:not(.kb-specificity-added):not(.kb-extra-specificity-added){margin-bottom:-60px;}}<\/style>\n<figure class=\"wp-block-kadence-image kb-image707_cf3f48-4f size-large\"><img decoding=\"async\" src=\"https:\/\/ux-designer.lt\/wp-content\/uploads\/2024\/09\/060A5332-1-1024x1024.png\" alt=\"\" class=\"kb-img wp-image-988568\"\/><\/figure>\n<\/div><\/div>\n\n<\/div><\/div>\n\n\n<p><\/p>","protected":false},"excerpt":{"rendered":"<p>Preki\u0173 gr\u0105\u017einimas Preki\u0173 gr\u0105\u017einim\u0105 ar keitim\u0105 reglamentuoja: LR Vyriausyb\u0117s 2014m. liepos m\u0117n.22d. nutarimu Nr. 738 (\u017din., 2014, Nr 2014-10565) patvirtintos ma\u017emenin\u0117s prekybos taisykl\u0117s. LR civilinis kodeksas. \u2013 Prek\u0119 galite gr\u0105\u017einti, jei gavote nekokybi\u0161k\u0105 prek\u0119, gavote ne tai, k\u0105 u\u017esisak\u0117te ir kitais&nbsp; \u012fstatymo numatytais atvejais.\u2013 Kai gr\u0105\u017einama nekokybi\u0161ka prek\u0117, mes \u012fsipareigojame j\u0105 priimti ir pakeisti analogi\u0161ka [&hellip;]<\/p>","protected":false},"author":2,"featured_media":0,"parent":0,"menu_order":0,"comment_status":"closed","ping_status":"closed","template":"","meta":{"_gspb_post_css":"","_kad_blocks_custom_css":"","_kad_blocks_head_custom_js":"","_kad_blocks_body_custom_js":"","_kad_blocks_footer_custom_js":"","footnotes":""},"class_list":["post-707","page","type-page","status-publish","hentry"],"blocksy_meta":{"has_hero_section":"disabled","styles_descriptor":{"styles":{"desktop":"","tablet":"","mobile":""},"google_fonts":[],"version":6}},"taxonomy_info":[],"featured_image_src_large":false,"author_info":{"display_name":"agneisku","author_link":"https:\/\/smartersoap.lt\/lv\/author\/agneisku\/"},"comment_info":0,"_links":{"self":[{"href":"https:\/\/smartersoap.lt\/lv\/wp-json\/wp\/v2\/pages\/707","targetHints":{"allow":["GET"]}}],"collection":[{"href":"https:\/\/smartersoap.lt\/lv\/wp-json\/wp\/v2\/pages"}],"about":[{"href":"https:\/\/smartersoap.lt\/lv\/wp-json\/wp\/v2\/types\/page"}],"author":[{"embeddable":true,"href":"https:\/\/smartersoap.lt\/lv\/wp-json\/wp\/v2\/users\/2"}],"replies":[{"embeddable":true,"href":"https:\/\/smartersoap.lt\/lv\/wp-json\/wp\/v2\/comments?post=707"}],"version-history":[{"count":3,"href":"https:\/\/smartersoap.lt\/lv\/wp-json\/wp\/v2\/pages\/707\/revisions"}],"predecessor-version":[{"id":1766,"href":"https:\/\/smartersoap.lt\/lv\/wp-json\/wp\/v2\/pages\/707\/revisions\/1766"}],"wp:attachment":[{"href":"https:\/\/smartersoap.lt\/lv\/wp-json\/wp\/v2\/media?parent=707"}],"curies":[{"name":"wp","href":"https:\/\/api.w.org\/{rel}","templated":true}]}}