{"id":941,"date":"2024-03-24T22:53:49","date_gmt":"2024-03-24T22:53:49","guid":{"rendered":"https:\/\/smartersoap.lt\/?page_id=941"},"modified":"2024-03-24T22:53:50","modified_gmt":"2024-03-24T22:53:50","slug":"uzsakymo-sekimas","status":"publish","type":"page","link":"https:\/\/smartersoap.lt\/lv\/uzsakymo-sekimas\/","title":{"rendered":"U\u017esakymo sekimas"},"content":{"rendered":"<div class=\"woocommerce\">\n<form action=\"https:\/\/smartersoap.lt\/lv\/uzsakymo-sekimas\/\" method=\"post\" class=\"woocommerce-form woocommerce-form-track-order track_order\" data-trp-original-action=\"https:\/\/smartersoap.lt\/lv\/uzsakymo-sekimas\/\">\n\n\t\n\t<p data-no-translation=\"\" data-trp-gettext=\"\">Lai izsekotu pas\u016bt\u012bjumu, l\u016bdzu, ievadiet savu pas\u016bt\u012bjuma ID zem\u0101k eso\u0161aj\u0101 lodzi\u0146\u0101 un nospiediet pogu &quot;Track&quot;. Kods tika dots jums uz j\u016bsu kv\u012bts un apstiprin\u0101juma e-past\u0101, kuru jums vajadz\u0113ja sa\u0146emt.<\/p>\n\n\t<p class=\"form-row form-row-first\"><label for=\"orderid\" data-no-translation=\"\" data-trp-gettext=\"\">Pas\u016bt\u012bjuma ID<\/label> <input class=\"input-text\" type=\"text\" name=\"orderid\" id=\"orderid\" value=\"\" placeholder=\"Atrasts J\u016bsu pas\u016bt\u012bjuma apstiprin\u0101juma e-past\u0101.\" data-no-translation-placeholder=\"\" \/><\/p>\t<p class=\"form-row form-row-last\"><label for=\"order_email\" data-no-translation=\"\" data-trp-gettext=\"\">R\u0113\u0137ina epasts<\/label> <input class=\"input-text\" type=\"text\" name=\"order_email\" id=\"order_email\" value=\"\" placeholder=\"E-pasts, ko izmantoj\u0101t veicot pas\u016bt\u012bjumu.\" data-no-translation-placeholder=\"\" \/><\/p>\t<div class=\"clear\"><\/div>\n\n\t\n\t<p class=\"form-row\"><button type=\"submit\" class=\"button\" name=\"track\" value=\"Izsekot\" data-no-translation=\"\" data-trp-gettext=\"\" data-no-translation-value=\"\">Izsekot<\/button><\/p>\n\t<input type=\"hidden\" id=\"woocommerce-order-tracking-nonce\" name=\"woocommerce-order-tracking-nonce\" value=\"8cdd7f8241\" \/><input type=\"hidden\" name=\"_wp_http_referer\" value=\"\/lv\/wp-json\/wp\/v2\/pages\/941\" \/>\n\t\n<input type=\"hidden\" name=\"trp-form-language\" value=\"lv\"\/><\/form>\n<\/div>","protected":false},"excerpt":{"rendered":"","protected":false},"author":2,"featured_media":0,"parent":0,"menu_order":0,"comment_status":"closed","ping_status":"closed","template":"","meta":{"_gspb_post_css":"","_kad_blocks_custom_css":"","_kad_blocks_head_custom_js":"","_kad_blocks_body_custom_js":"","_kad_blocks_footer_custom_js":"","footnotes":""},"class_list":["post-941","page","type-page","status-publish","hentry"],"blocksy_meta":[],"taxonomy_info":[],"featured_image_src_large":false,"author_info":{"display_name":"agneisku","author_link":"https:\/\/smartersoap.lt\/lv\/author\/agneisku\/"},"comment_info":0,"_links":{"self":[{"href":"https:\/\/smartersoap.lt\/lv\/wp-json\/wp\/v2\/pages\/941","targetHints":{"allow":["GET"]}}],"collection":[{"href":"https:\/\/smartersoap.lt\/lv\/wp-json\/wp\/v2\/pages"}],"about":[{"href":"https:\/\/smartersoap.lt\/lv\/wp-json\/wp\/v2\/types\/page"}],"author":[{"embeddable":true,"href":"https:\/\/smartersoap.lt\/lv\/wp-json\/wp\/v2\/users\/2"}],"replies":[{"embeddable":true,"href":"https:\/\/smartersoap.lt\/lv\/wp-json\/wp\/v2\/comments?post=941"}],"version-history":[{"count":1,"href":"https:\/\/smartersoap.lt\/lv\/wp-json\/wp\/v2\/pages\/941\/revisions"}],"predecessor-version":[{"id":942,"href":"https:\/\/smartersoap.lt\/lv\/wp-json\/wp\/v2\/pages\/941\/revisions\/942"}],"wp:attachment":[{"href":"https:\/\/smartersoap.lt\/lv\/wp-json\/wp\/v2\/media?parent=941"}],"curies":[{"name":"wp","href":"https:\/\/api.w.org\/{rel}","templated":true}]}}