{"id":3659,"date":"2025-11-25T10:12:01","date_gmt":"2025-11-25T10:12:01","guid":{"rendered":"https:\/\/smartersoap.lt\/?post_type=product&#038;p=3659"},"modified":"2026-04-02T17:21:18","modified_gmt":"2026-04-02T17:21:18","slug":"smarter-soap-edukacinis-lipduku-rinkinys","status":"publish","type":"product","link":"https:\/\/smartersoap.lt\/lv\/produkts\/smarter-soap-edukacinis-lipduku-rinkinys\/","title":{"rendered":"Smarter Soap edukacinis lipduk\u0173 rinkinys"},"content":{"rendered":"","protected":false},"excerpt":{"rendered":"<p>Smarter Soap edukacinis lipduk\u0173 rinkinys: spalvingi virus\u0173 lipdukai ir A4 ranky\u010di\u0173 pagrindas, ant kurio galima klijuoti virusus. Mokytis taisyklingo rank\u0173 plovimo dar niekada nebuvo taip smagu!<\/p>","protected":false},"featured_media":3663,"comment_status":"closed","ping_status":"closed","template":"","meta":{"_gspb_post_css":"","_kad_blocks_custom_css":"","_kad_blocks_head_custom_js":"","_kad_blocks_body_custom_js":"","_kad_blocks_footer_custom_js":""},"product_brand":[],"product_cat":[15],"product_tag":[],"class_list":{"0":"post-3659","1":"product","2":"type-product","3":"status-publish","4":"has-post-thumbnail","6":"product_cat-viskas","8":"first","9":"instock","10":"taxable","11":"shipping-taxable","12":"purchasable","13":"product-type-simple"},"taxonomy_info":{"product_cat":[{"value":15,"label":"viskas"}]},"featured_image_src_large":["https:\/\/smartersoap.lt\/wp-content\/uploads\/2025\/11\/Web-Lipduku_rinkinio_dalis-1-721x1024.webp",721,1024,true],"author_info":[],"comment_info":0,"_links":{"self":[{"href":"https:\/\/smartersoap.lt\/lv\/wp-json\/wp\/v2\/product\/3659","targetHints":{"allow":["GET"]}}],"collection":[{"href":"https:\/\/smartersoap.lt\/lv\/wp-json\/wp\/v2\/product"}],"about":[{"href":"https:\/\/smartersoap.lt\/lv\/wp-json\/wp\/v2\/types\/product"}],"replies":[{"embeddable":true,"href":"https:\/\/smartersoap.lt\/lv\/wp-json\/wp\/v2\/comments?post=3659"}],"wp:featuredmedia":[{"embeddable":true,"href":"https:\/\/smartersoap.lt\/lv\/wp-json\/wp\/v2\/media\/3663"}],"wp:attachment":[{"href":"https:\/\/smartersoap.lt\/lv\/wp-json\/wp\/v2\/media?parent=3659"}],"wp:term":[{"taxonomy":"product_brand","embeddable":true,"href":"https:\/\/smartersoap.lt\/lv\/wp-json\/wp\/v2\/product_brand?post=3659"},{"taxonomy":"product_cat","embeddable":true,"href":"https:\/\/smartersoap.lt\/lv\/wp-json\/wp\/v2\/product_cat?post=3659"},{"taxonomy":"product_tag","embeddable":true,"href":"https:\/\/smartersoap.lt\/lv\/wp-json\/wp\/v2\/product_tag?post=3659"}],"curies":[{"name":"wp","href":"https:\/\/api.w.org\/{rel}","templated":true}]}}