{"id":56,"date":"2023-02-04T23:43:02","date_gmt":"2023-02-04T23:43:02","guid":{"rendered":"https:\/\/smartsoap.tempurl.host\/?post_type=product&#038;p=56"},"modified":"2026-04-21T11:00:27","modified_gmt":"2026-04-21T11:00:27","slug":"smarter-soap","status":"publish","type":"product","link":"https:\/\/smartersoap.lt\/lv\/produkts\/smarter-soap\/","title":{"rendered":"\u0160\u0137idr\u0101s roku ziepes"},"content":{"rendered":"<p>Smarter Soap izce\u013cas ar \u012bpa\u0161u formulu un spilgtu kr\u0101su, t\u0101p\u0113c j\u016bsu b\u0113rni var jautri un interakt\u012bvi mazg\u0101t rokas. Katras mazg\u0101\u0161anas laik\u0101 vi\u0146i var\u0113s atpaz\u012bt visas nepareizi saputot\u0101s vietas, nodro\u0161inot, ka rokas ir piln\u012bgi t\u012bras. \u0160o ziepju unik\u0101laj\u0101 sast\u0101v\u0101 ir pigmenti, kas \u013cauj b\u0113rnu \u0101dai kl\u0101t spilgtu kr\u0101su, p\u0101rv\u0113r\u0161ot roku mazg\u0101\u0161anu ne tikai par pien\u0101kumu, bet ar\u012b par pat\u012bkamu ikdienas rut\u012bnas da\u013cu. Smarter Soap ziepes ir dermatologu p\u0101rbaud\u012btas. T\u0101s nesatur kait\u012bgas \u0137\u012bmiskas vielas, t\u0101d\u0113\u013c ir piem\u0113rotas ar\u012b jut\u012bgai \u0101dai.<\/p>\n<p>Viena no galvenaj\u0101m Smarter Soap priek\u0161roc\u012bb\u0101m ir t\u0101s sp\u0113ja skaidri par\u0101d\u012bt neizputot\u0101s vietas. T\u0101pat t\u0101s r\u0101da, vai p\u0113c roku noskaloj\u0161anas \u016bden\u012b nav paliku\u0161i ziepju atlikumi. Ziepes viegli nomazg\u0101jas, rokas paliek t\u012bras, un netiek atst\u0101tas kr\u0101sas p\u0113das. \u0160\u012b funkcija noder ar\u012b pieaugu\u0161ajiem, \u012bpa\u0161i tiem, kas str\u0101d\u0101 augsta riska vid\u0113, piem\u0113ram, vesel\u012bbas apr\u016bpes iest\u0101d\u0113s, restor\u0101nos un p\u0101rtikas p\u0101rstr\u0101des nozar\u0113, kur stingri higi\u0113nas standarti ir \u012bpa\u0161i svar\u012bgi.<\/p>\n<p>Smarter Soap ne tikai veicina izgl\u012bt\u012bbu par higi\u0113nu un roku mazg\u0101\u0161anu, bet ar\u012b audzina vesel\u012bgus ieradumus un b\u0113rnu atbild\u012bbas saj\u016btu. Pied\u0101v\u0101jot roku mazg\u0101\u0161anas prieku, ziepes motiv\u0113 b\u0113rnus iev\u0113rot labas higi\u0113nas prakses. Tas ar\u012b veicina ieraduma izveidi uz m\u016b\u017eu, r\u016bp\u0113joties par savu un tuvinieku vesel\u012bbu un labkl\u0101j\u012bbu.<\/p>","protected":false},"excerpt":{"rendered":"<div class=\"flex-1 overflow-hidden\">\n<div class=\"react-scroll-to-bottom--css-cdtqd-79elbk h-full dark:bg-gray-800\">\n<div class=\"react-scroll-to-bottom--css-cdtqd-1n7m0yu\">\n<div class=\"flex flex-col items-center text-sm h-full dark:bg-gray-800\">\n<div class=\"w-full border-b border-black\/10 dark:border-gray-900\/50 text-gray-800 dark:text-gray-100 group bg-gray-50 dark:bg-[#444654]\">\n<div class=\"text-base gap-4 md:gap-6 m-auto md:max-w-2xl lg:max-w-2xl xl:max-w-3xl p-4 md:py-6 flex lg:px-0\">\n<div class=\"relative flex w-[calc(100%-50px)] flex-col gap-1 md:gap-3 lg:w-[calc(100%-115px)]\">\n<div class=\"flex flex-grow flex-col gap-3\">\n<div class=\"min-h-[20px] flex flex-col items-start gap-4 whitespace-pre-wrap\">\n<div class=\"markdown prose w-full break-words dark:prose-invert light\"><span style=\"font-size: var(--cartify_font_size_body); color: var(--cartify_color_text_body); font-family: var(--cartify_font_family_body); letter-spacing: var(--cartify_letter_spacing_regular_1);\">Tilpums: 300 ml<\/span><\/div>\n<div><\/div>\n<div class=\"markdown prose w-full break-words dark:prose-invert light\"><span style=\"font-size: var(--cartify_font_size_body); color: var(--cartify_color_text_body); font-family: var(--cartify_font_family_body); letter-spacing: var(--cartify_letter_spacing_regular_1);\">Smarter Soap izce\u013cas ar \u012bpa\u0161u formulu un spilgtu kr\u0101su, t\u0101p\u0113c j\u016bsu b\u0113rni var jautri un interakt\u012bvi mazg\u0101t rokas. Katras mazg\u0101\u0161anas laik\u0101 vi\u0146i var\u0113s atpaz\u012bt visas nepareizi saputot\u0101s vietas, nodro\u0161inot, ka rokas ir piln\u012bgi t\u012bras. \u0160o ziepju unik\u0101laj\u0101 sast\u0101v\u0101 ir pigmenti, kas \u013cauj b\u0113rnu \u0101dai kl\u0101t spilgtu kr\u0101su, p\u0101rv\u0113r\u0161ot roku mazg\u0101\u0161anu ne tikai par pien\u0101kumu, bet ar\u012b par pat\u012bkamu ikdienas rut\u012bnas da\u013cu. Smarter Soap ziepes ir dermatologu p\u0101rbaud\u012btas. T\u0101s nesatur kait\u012bgas \u0137\u012bmiskas vielas, t\u0101d\u0113\u013c ir piem\u0113rotas ar\u012b jut\u012bgai \u0101dai.<\/span><\/div>\n<\/div>\n<\/div>\n<\/div>\n<\/div>\n<\/div>\n<\/div>\n<\/div>\n<\/div>\n<\/div>","protected":false},"featured_media":4007,"comment_status":"open","ping_status":"closed","template":"","meta":{"_gspb_post_css":"","_kad_blocks_custom_css":"","_kad_blocks_head_custom_js":"","_kad_blocks_body_custom_js":"","_kad_blocks_footer_custom_js":""},"product_brand":[],"product_cat":[15],"product_tag":[],"class_list":{"0":"post-56","1":"product","2":"type-product","3":"status-publish","4":"has-post-thumbnail","6":"product_cat-viskas","8":"first","9":"instock","10":"sale","11":"taxable","12":"shipping-taxable","13":"purchasable","14":"product-type-simple"},"taxonomy_info":{"product_cat":[{"value":15,"label":"viskas"}]},"featured_image_src_large":["https:\/\/smartersoap.lt\/wp-content\/uploads\/2023\/02\/smarterSOAP-85-of-149-scaled-1-681x1024-1-1.webp",681,1024,false],"author_info":[],"comment_info":37,"_links":{"self":[{"href":"https:\/\/smartersoap.lt\/lv\/wp-json\/wp\/v2\/product\/56","targetHints":{"allow":["GET"]}}],"collection":[{"href":"https:\/\/smartersoap.lt\/lv\/wp-json\/wp\/v2\/product"}],"about":[{"href":"https:\/\/smartersoap.lt\/lv\/wp-json\/wp\/v2\/types\/product"}],"replies":[{"embeddable":true,"href":"https:\/\/smartersoap.lt\/lv\/wp-json\/wp\/v2\/comments?post=56"}],"wp:featuredmedia":[{"embeddable":true,"href":"https:\/\/smartersoap.lt\/lv\/wp-json\/wp\/v2\/media\/4007"}],"wp:attachment":[{"href":"https:\/\/smartersoap.lt\/lv\/wp-json\/wp\/v2\/media?parent=56"}],"wp:term":[{"taxonomy":"product_brand","embeddable":true,"href":"https:\/\/smartersoap.lt\/lv\/wp-json\/wp\/v2\/product_brand?post=56"},{"taxonomy":"product_cat","embeddable":true,"href":"https:\/\/smartersoap.lt\/lv\/wp-json\/wp\/v2\/product_cat?post=56"},{"taxonomy":"product_tag","embeddable":true,"href":"https:\/\/smartersoap.lt\/lv\/wp-json\/wp\/v2\/product_tag?post=56"}],"curies":[{"name":"wp","href":"https:\/\/api.w.org\/{rel}","templated":true}]}}